{"id":1371,"date":"2023-11-22T16:43:30","date_gmt":"2023-11-22T16:43:30","guid":{"rendered":"https:\/\/szkolamanufaktura.pl\/?page_id=1371"},"modified":"2024-03-18T20:55:02","modified_gmt":"2024-03-18T20:55:02","slug":"about-us","status":"publish","type":"page","link":"https:\/\/szkolamanufaktura.pl\/?page_id=1371","title":{"rendered":"O nas"},"content":{"rendered":"\t\t<div data-elementor-type=\"wp-page\" data-elementor-id=\"1371\" class=\"elementor elementor-1371\">\n\t\t\t\t<div class=\"elementor-element elementor-element-52e6a706 e-con-full e-flex e-con e-parent\" data-id=\"52e6a706\" data-element_type=\"container\">\n\t\t<div class=\"elementor-element elementor-element-1fe0dd57 e-con-full e-flex e-con e-child\" data-id=\"1fe0dd57\" data-element_type=\"container\">\n\t\t<div class=\"elementor-element elementor-element-482d9685 e-con-full e-flex e-con e-child\" data-id=\"482d9685\" data-element_type=\"container\">\n\t\t\t\t<div class=\"elementor-element elementor-element-b4adbff elementor-widget elementor-widget-heading\" data-id=\"b4adbff\" data-element_type=\"widget\" data-widget_type=\"heading.default\">\n\t\t\t\t<div class=\"elementor-widget-container\">\n\t\t\t\t\t<h1 class=\"elementor-heading-title elementor-size-default\">Kochamy r\u0119kodzie\u0142o i uczymy <\/h1>\t\t\t\t<\/div>\n\t\t\t\t<\/div>\n\t\t\t\t<div class=\"elementor-element elementor-element-27ddd1d elementor-widget__width-initial elementor-invisible elementor-widget elementor-widget-text-editor\" data-id=\"27ddd1d\" data-element_type=\"widget\" data-settings=\"{&quot;_animation&quot;:&quot;fadeInDown&quot;}\" data-widget_type=\"text-editor.default\">\n\t\t\t\t<div class=\"elementor-widget-container\">\n\t\t\t\t\t\t\t\t\t<p>MANUFAKTURA powsta\u0142a z my\u015bl\u0105 o nauce, wierzymy, \u017ce sztuka jest dziedzin\u0105 \u017cycia, kt\u00f3r\u0105 warto zg\u0142\u0119bia\u0107 i kultywowa\u0107. Sztuka to co\u015b wi\u0119cej ni\u017c tylko pi\u0119kne obrazy czy formy, wi\u0119cej ni\u017c spos\u00f3b wyra\u017cania siebie. Ucz\u0105c si\u0119 rysunku, malarstwa, rze\u017aby oraz innych dziedzin, uczysz si\u0119 \u015awiata, uczysz si\u0119 patrze\u0107 i rozumie\u0107 to, co Ci\u0119 otacza. St\u0105d naszym symbolem jest w\u0142a\u015bnie OKO. Oko, kt\u00f3re widzi i rozumie. Nauczymy Ci\u0119 patrzy\u0107, rozumie\u0107 oraz kreowa\u0107 swoje w\u0142asne &#8222;rzeczywisto\u015bci&#8221;.<\/p>\t\t\t\t\t\t\t\t<\/div>\n\t\t\t\t<\/div>\n\t\t\t\t<\/div>\n\t\t\t\t<div class=\"elementor-element elementor-element-5a0bf658 elementor-invisible elementor-widget elementor-widget-heading\" data-id=\"5a0bf658\" data-element_type=\"widget\" data-settings=\"{&quot;_animation&quot;:&quot;fadeInUp&quot;}\" data-widget_type=\"heading.default\">\n\t\t\t\t<div class=\"elementor-widget-container\">\n\t\t\t\t\t<span class=\"elementor-heading-title elementor-size-default\">o nas<\/span>\t\t\t\t<\/div>\n\t\t\t\t<\/div>\n\t\t\t\t<\/div>\n\t\t<div class=\"elementor-element elementor-element-bc86e10 e-con-full e-flex e-con e-child\" data-id=\"bc86e10\" data-element_type=\"container\" data-settings=\"{&quot;background_background&quot;:&quot;classic&quot;}\">\n\t\t\t\t<\/div>\n\t\t\t\t<\/div>\n\t\t<div class=\"elementor-element elementor-element-97dcdee e-con-full e-flex e-con e-parent\" data-id=\"97dcdee\" data-element_type=\"container\">\n\t\t<div class=\"elementor-element elementor-element-496c03f e-con-full e-flex e-con e-child\" data-id=\"496c03f\" data-element_type=\"container\" data-settings=\"{&quot;background_background&quot;:&quot;classic&quot;}\">\n\t\t\t\t<\/div>\n\t\t<div class=\"elementor-element elementor-element-4d0a1d2 e-con-full e-flex e-con e-child\" data-id=\"4d0a1d2\" data-element_type=\"container\">\n\t\t\t\t<div class=\"elementor-element elementor-element-c515ef4 elementor-widget elementor-widget-heading\" data-id=\"c515ef4\" data-element_type=\"widget\" data-widget_type=\"heading.default\">\n\t\t\t\t<div class=\"elementor-widget-container\">\n\t\t\t\t\t<h2 class=\"elementor-heading-title elementor-size-default\">Kochamy sztuk\u0119<\/h2>\t\t\t\t<\/div>\n\t\t\t\t<\/div>\n\t\t\t\t<div class=\"elementor-element elementor-element-b4378f6 elementor-widget elementor-widget-text-editor\" data-id=\"b4378f6\" data-element_type=\"widget\" data-widget_type=\"text-editor.default\">\n\t\t\t\t<div class=\"elementor-widget-container\">\n\t\t\t\t\t\t\t\t\t<p>Nasi instruktorzy to ludzie, kt\u00f3rzy maj\u0105 wykszta\u0142cenie artystyczne lub kierunkowe w dziedzinie, kt\u00f3rej ucz\u0105. Dok\u0142adamy wszelkich stara\u0144, \u017ceby ludzie, kt\u00f3rzy pracuj\u0105 z naszymi uczniami byli r\u00f3wnie\u017c praktykami w swoich dziedzinach, potrafi\u0105cymi jak wiedz\u0119 prze\u0142o\u017cy\u0107 w dzia\u0142anie, znaj\u0105cymi doskonale techniki oraz tajniki swojego zawodu i warsztatu.<\/p>\t\t\t\t\t\t\t\t<\/div>\n\t\t\t\t<\/div>\n\t\t\t\t<\/div>\n\t\t\t\t<\/div>\n\t\t<div class=\"elementor-element elementor-element-1f5483c3 e-con-full e-flex e-con e-parent\" data-id=\"1f5483c3\" data-element_type=\"container\">\n\t\t\t\t<div class=\"elementor-element elementor-element-7b7ecf18 elementor-widget elementor-widget-heading\" data-id=\"7b7ecf18\" data-element_type=\"widget\" data-widget_type=\"heading.default\">\n\t\t\t\t<div class=\"elementor-widget-container\">\n\t\t\t\t\t<span class=\"elementor-heading-title elementor-size-default\">nasi instruktorzy<\/span>\t\t\t\t<\/div>\n\t\t\t\t<\/div>\n\t\t<div class=\"elementor-element elementor-element-789718db e-con-full e-flex e-con e-child\" data-id=\"789718db\" data-element_type=\"container\">\n\t\t\t\t<div class=\"elementor-element elementor-element-4654ce04 elementor-widget-tablet__width-initial elementor-widget-mobile__width-inherit elementor-position-top elementor-widget elementor-widget-image-box\" data-id=\"4654ce04\" data-element_type=\"widget\" data-widget_type=\"image-box.default\">\n\t\t\t\t<div class=\"elementor-widget-container\">\n\t\t\t\t\t<div class=\"elementor-image-box-wrapper\"><figure class=\"elementor-image-box-img\"><img fetchpriority=\"high\" decoding=\"async\" width=\"300\" height=\"300\" src=\"https:\/\/szkolamanufaktura.pl\/wp-content\/uploads\/2024\/03\/WhatsApp-Image-2024-03-18-at-20.40.214x4-300x300.jpg\" class=\"elementor-animation-sink attachment-medium size-medium wp-image-1801\" alt=\"\" srcset=\"https:\/\/szkolamanufaktura.pl\/wp-content\/uploads\/2024\/03\/WhatsApp-Image-2024-03-18-at-20.40.214x4-300x300.jpg 300w, https:\/\/szkolamanufaktura.pl\/wp-content\/uploads\/2024\/03\/WhatsApp-Image-2024-03-18-at-20.40.214x4-1024x1024.jpg 1024w, https:\/\/szkolamanufaktura.pl\/wp-content\/uploads\/2024\/03\/WhatsApp-Image-2024-03-18-at-20.40.214x4-150x150.jpg 150w, https:\/\/szkolamanufaktura.pl\/wp-content\/uploads\/2024\/03\/WhatsApp-Image-2024-03-18-at-20.40.214x4-768x768.jpg 768w, https:\/\/szkolamanufaktura.pl\/wp-content\/uploads\/2024\/03\/WhatsApp-Image-2024-03-18-at-20.40.214x4.jpg 1442w\" sizes=\"(max-width: 300px) 100vw, 300px\" \/><\/figure><div class=\"elementor-image-box-content\"><h3 class=\"elementor-image-box-title\">Katarzyna Paczkowka<\/h3><p class=\"elementor-image-box-description\">\n<\/p><\/div><\/div>\t\t\t\t<\/div>\n\t\t\t\t<\/div>\n\t\t\t\t<\/div>\n\t\t\t\t<\/div>\n\t\t\t\t<\/div>\n\t\t","protected":false},"excerpt":{"rendered":"<p>Kochamy r\u0119kodzie\u0142o i uczymy MANUFAKTURA powsta\u0142a z my\u015bl\u0105 o nauce, wierzymy, \u017ce sztuka jest dziedzin\u0105 \u017cycia, kt\u00f3r\u0105 warto zg\u0142\u0119bia\u0107 i kultywowa\u0107. Sztuka to co\u015b wi\u0119cej ni\u017c tylko pi\u0119kne obrazy czy formy, wi\u0119cej ni\u017c spos\u00f3b wyra\u017cania siebie. Ucz\u0105c si\u0119 rysunku, malarstwa, rze\u017aby oraz innych dziedzin, uczysz si\u0119 \u015awiata, uczysz si\u0119 patrze\u0107 i rozumie\u0107 to, co Ci\u0119 [&hellip;]<\/p>\n","protected":false},"author":1,"featured_media":0,"parent":0,"menu_order":0,"comment_status":"closed","ping_status":"closed","template":"elementor_header_footer","meta":{"footnotes":""},"blocksy_meta":[],"_links":{"self":[{"href":"https:\/\/szkolamanufaktura.pl\/index.php?rest_route=\/wp\/v2\/pages\/1371"}],"collection":[{"href":"https:\/\/szkolamanufaktura.pl\/index.php?rest_route=\/wp\/v2\/pages"}],"about":[{"href":"https:\/\/szkolamanufaktura.pl\/index.php?rest_route=\/wp\/v2\/types\/page"}],"author":[{"embeddable":true,"href":"https:\/\/szkolamanufaktura.pl\/index.php?rest_route=\/wp\/v2\/users\/1"}],"replies":[{"embeddable":true,"href":"https:\/\/szkolamanufaktura.pl\/index.php?rest_route=%2Fwp%2Fv2%2Fcomments&post=1371"}],"version-history":[{"count":50,"href":"https:\/\/szkolamanufaktura.pl\/index.php?rest_route=\/wp\/v2\/pages\/1371\/revisions"}],"predecessor-version":[{"id":1859,"href":"https:\/\/szkolamanufaktura.pl\/index.php?rest_route=\/wp\/v2\/pages\/1371\/revisions\/1859"}],"wp:attachment":[{"href":"https:\/\/szkolamanufaktura.pl\/index.php?rest_route=%2Fwp%2Fv2%2Fmedia&parent=1371"}],"curies":[{"name":"wp","href":"https:\/\/api.w.org\/{rel}","templated":true}]}}