{"id":1345,"date":"2023-11-22T16:43:21","date_gmt":"2023-11-22T16:43:21","guid":{"rendered":"https:\/\/szkolamanufaktura.pl\/?page_id=1345"},"modified":"2024-03-20T15:17:33","modified_gmt":"2024-03-20T15:17:33","slug":"contact-us","status":"publish","type":"page","link":"https:\/\/szkolamanufaktura.pl\/?page_id=1345","title":{"rendered":"Kontakt"},"content":{"rendered":"\t\t<div data-elementor-type=\"wp-page\" data-elementor-id=\"1345\" class=\"elementor elementor-1345\">\n\t\t\t\t<div class=\"elementor-element elementor-element-3a5032df e-con-full e-flex e-con e-parent\" data-id=\"3a5032df\" data-element_type=\"container\">\n\t\t<div class=\"elementor-element elementor-element-69ce3e59 e-con-full e-flex e-con e-child\" data-id=\"69ce3e59\" data-element_type=\"container\">\n\t\t<div class=\"elementor-element elementor-element-47cda85a e-con-full e-flex e-con e-child\" data-id=\"47cda85a\" data-element_type=\"container\">\n\t\t\t\t<div class=\"elementor-element elementor-element-2ab828d2 elementor-widget elementor-widget-heading\" data-id=\"2ab828d2\" data-element_type=\"widget\" data-widget_type=\"heading.default\">\n\t\t\t\t<div class=\"elementor-widget-container\">\n\t\t\t\t\t<h1 class=\"elementor-heading-title elementor-size-default\">Jeste\u015bmy tutaj, aby Ci pom\u00f3c!\nZadzwo\u0144 do nas, aby uzyska\u0107 bezp\u0142atn\u0105 konsultacj\u0119.<\/h1>\t\t\t\t<\/div>\n\t\t\t\t<\/div>\n\t\t\t\t<div class=\"elementor-element elementor-element-7890110f elementor-widget__width-initial elementor-invisible elementor-widget elementor-widget-text-editor\" data-id=\"7890110f\" data-element_type=\"widget\" data-settings=\"{&quot;_animation&quot;:&quot;fadeInDown&quot;}\" data-widget_type=\"text-editor.default\">\n\t\t\t\t<div class=\"elementor-widget-container\">\n\t\t\t\t\t\t\t\t\t<p>Zapraszamy do kontaktu, ch\u0119tnie odpowiemy na wszystkie pytania dotycz\u0105ce zaj\u0119\u0107 w naszej szkole. R\u00f3wnocze\u015bnie zapraszamy do odwiedzenia naszych medi\u00f3w spo\u0142eczno\u015bciowych gdzie znajdziecie wszystkie bie\u017c\u0105ce informacje dotycz\u0105ce grup oraz termin\u00f3w odbywaj\u0105cych si\u0119 zaj\u0119\u0107 lub warsztat\u00f3w.<\/p>\t\t\t\t\t\t\t\t<\/div>\n\t\t\t\t<\/div>\n\t\t\t\t<\/div>\n\t\t<div class=\"elementor-element elementor-element-2700ac6e e-con-full e-flex e-con e-child\" data-id=\"2700ac6e\" data-element_type=\"container\">\n\t\t\t\t<div class=\"elementor-element elementor-element-5825f00f elementor-widget__width-initial elementor-widget-mobile__width-inherit elementor-widget elementor-widget-icon-box\" data-id=\"5825f00f\" data-element_type=\"widget\" data-widget_type=\"icon-box.default\">\n\t\t\t\t<div class=\"elementor-widget-container\">\n\t\t\t\t\t\t\t<div class=\"elementor-icon-box-wrapper\">\n\n\t\t\t\n\t\t\t\t\t\t<div class=\"elementor-icon-box-content\">\n\n\t\t\t\t\t\t\t\t\t<h3 class=\"elementor-icon-box-title\">\n\t\t\t\t\t\t<span  >\n\t\t\t\t\t\t\tLokalizacja\t\t\t\t\t\t<\/span>\n\t\t\t\t\t<\/h3>\n\t\t\t\t\n\t\t\t\t\t\t\t\t\t<p class=\"elementor-icon-box-description\">\n\t\t\t\t\t\tul. Grzeg\u00f3rzecka 41B, <br>Krak\u00f3w\t\t\t\t\t<\/p>\n\t\t\t\t\n\t\t\t<\/div>\n\t\t\t\n\t\t<\/div>\n\t\t\t\t\t\t<\/div>\n\t\t\t\t<\/div>\n\t\t\t\t<div class=\"elementor-element elementor-element-5235f9bf elementor-widget__width-initial elementor-widget-mobile__width-inherit elementor-widget elementor-widget-icon-box\" data-id=\"5235f9bf\" data-element_type=\"widget\" data-widget_type=\"icon-box.default\">\n\t\t\t\t<div class=\"elementor-widget-container\">\n\t\t\t\t\t\t\t<div class=\"elementor-icon-box-wrapper\">\n\n\t\t\t\n\t\t\t\t\t\t<div class=\"elementor-icon-box-content\">\n\n\t\t\t\t\t\t\t\t\t<h3 class=\"elementor-icon-box-title\">\n\t\t\t\t\t\t<span  >\n\t\t\t\t\t\t\tKontakt\t\t\t\t\t\t<\/span>\n\t\t\t\t\t<\/h3>\n\t\t\t\t\n\t\t\t\t\t\t\t\t\t<p class=\"elementor-icon-box-description\">\n\t\t\t\t\t\t600-14-74-74<br> \nszkolamanufaktura@gmail.com\t\t\t\t\t<\/p>\n\t\t\t\t\n\t\t\t<\/div>\n\t\t\t\n\t\t<\/div>\n\t\t\t\t\t\t<\/div>\n\t\t\t\t<\/div>\n\t\t\t\t<\/div>\n\t\t\t\t<\/div>\n\t\t<div class=\"elementor-element elementor-element-34d60fcd e-con-full e-flex e-con e-child\" data-id=\"34d60fcd\" data-element_type=\"container\" data-settings=\"{&quot;background_background&quot;:&quot;classic&quot;}\">\n\t\t\t\t<\/div>\n\t\t\t\t<\/div>\n\t\t<div class=\"elementor-element elementor-element-579899a5 e-con-full e-flex e-con e-parent\" data-id=\"579899a5\" data-element_type=\"container\">\n\t\t<div class=\"elementor-element elementor-element-630f73e2 e-con-full e-flex e-con e-child\" data-id=\"630f73e2\" data-element_type=\"container\" data-settings=\"{&quot;background_background&quot;:&quot;classic&quot;}\">\n\t\t\t\t<\/div>\n\t\t<div class=\"elementor-element elementor-element-6cc7aead e-con-full e-flex e-con e-child\" data-id=\"6cc7aead\" data-element_type=\"container\">\n\t\t\t\t<div class=\"elementor-element elementor-element-76b87efe elementor-widget elementor-widget-heading\" data-id=\"76b87efe\" data-element_type=\"widget\" data-widget_type=\"heading.default\">\n\t\t\t\t<div class=\"elementor-widget-container\">\n\t\t\t\t\t<span class=\"elementor-heading-title elementor-size-default\">lekcja\notwarta<\/span>\t\t\t\t<\/div>\n\t\t\t\t<\/div>\n\t\t<div class=\"elementor-element elementor-element-55bb79bc e-con-full e-flex e-con e-child\" data-id=\"55bb79bc\" data-element_type=\"container\">\n\t\t\t\t<div class=\"elementor-element elementor-element-358f3cbf elementor-widget elementor-widget-heading\" data-id=\"358f3cbf\" data-element_type=\"widget\" data-widget_type=\"heading.default\">\n\t\t\t\t<div class=\"elementor-widget-container\">\n\t\t\t\t\t<h2 class=\"elementor-heading-title elementor-size-default\">Pierwsze zaj\u0119cia dla zainteresowanych os\u00f3b s\u0105 bezp\u0142atne !<\/h2>\t\t\t\t<\/div>\n\t\t\t\t<\/div>\n\t\t\t\t<\/div>\n\t\t\t\t<\/div>\n\t\t\t\t<\/div>\n\t\t\t\t<\/div>\n\t\t","protected":false},"excerpt":{"rendered":"<p>Jeste\u015bmy tutaj, aby Ci pom\u00f3c! Zadzwo\u0144 do nas, aby uzyska\u0107 bezp\u0142atn\u0105 konsultacj\u0119. Zapraszamy do kontaktu, ch\u0119tnie odpowiemy na wszystkie pytania dotycz\u0105ce zaj\u0119\u0107 w naszej szkole. R\u00f3wnocze\u015bnie zapraszamy do odwiedzenia naszych medi\u00f3w spo\u0142eczno\u015bciowych gdzie znajdziecie wszystkie bie\u017c\u0105ce informacje dotycz\u0105ce grup oraz termin\u00f3w odbywaj\u0105cych si\u0119 zaj\u0119\u0107 lub warsztat\u00f3w. Lokalizacja ul. Grzeg\u00f3rzecka 41B, Krak\u00f3w Kontakt 600-14-74-74 szkolamanufaktura@gmail.com lekcja [&hellip;]<\/p>\n","protected":false},"author":1,"featured_media":0,"parent":0,"menu_order":0,"comment_status":"closed","ping_status":"closed","template":"elementor_header_footer","meta":{"footnotes":""},"blocksy_meta":[],"_links":{"self":[{"href":"https:\/\/szkolamanufaktura.pl\/index.php?rest_route=\/wp\/v2\/pages\/1345"}],"collection":[{"href":"https:\/\/szkolamanufaktura.pl\/index.php?rest_route=\/wp\/v2\/pages"}],"about":[{"href":"https:\/\/szkolamanufaktura.pl\/index.php?rest_route=\/wp\/v2\/types\/page"}],"author":[{"embeddable":true,"href":"https:\/\/szkolamanufaktura.pl\/index.php?rest_route=\/wp\/v2\/users\/1"}],"replies":[{"embeddable":true,"href":"https:\/\/szkolamanufaktura.pl\/index.php?rest_route=%2Fwp%2Fv2%2Fcomments&post=1345"}],"version-history":[{"count":38,"href":"https:\/\/szkolamanufaktura.pl\/index.php?rest_route=\/wp\/v2\/pages\/1345\/revisions"}],"predecessor-version":[{"id":1878,"href":"https:\/\/szkolamanufaktura.pl\/index.php?rest_route=\/wp\/v2\/pages\/1345\/revisions\/1878"}],"wp:attachment":[{"href":"https:\/\/szkolamanufaktura.pl\/index.php?rest_route=%2Fwp%2Fv2%2Fmedia&parent=1345"}],"curies":[{"name":"wp","href":"https:\/\/api.w.org\/{rel}","templated":true}]}}